{"id":2178,"date":"2021-07-17T15:58:06","date_gmt":"2021-07-17T18:58:06","guid":{"rendered":"http:\/\/www.garantiadecertificados.com.br\/portal\/?page_id=2178"},"modified":"2024-11-19T05:27:33","modified_gmt":"2024-11-19T08:27:33","slug":"10nfe","status":"publish","type":"page","link":"https:\/\/www.garantiadecertificados.com.br\/portal\/10nfe\/","title":{"rendered":"10nfe"},"content":{"rendered":"<ul>\n<li><a href=\"https:\/\/api.whatsapp.com\/send?phone=5511944770020&amp;text=Ol\u00e1,%20quero%20saber%20mais%20sobre%20a%20Garantia%20Certificados%20Digitais!\"><br \/>(<\/a>011) 94477-0020<\/li>\n<\/ul>\n<p><br \/><img title=\"\" src=\"http:\/\/www.garantiadecertificados.com.br\/portal\/wp-content\/uploads\/elementor\/thumbs\/garantia-logo-150px-pbsq1ds4wwswdfae8gb660wxs0gsxazy3hygn0cb9c.png\" alt=\"\" \/> <br \/><br \/>DRIVERS E DOWNLOADS<br \/><br \/><br \/>FALE CONOSCO<\/p>\n<h2>CONFIGURE SEU CERTIFICADO NF-e:<\/h2>\n<p>1) Selecione uma das op\u00e7\u00f5es abaixo, conforme o tipo de certificado e per\u00edodo desejado quando necess\u00e1rio;<br \/>2) Ap\u00f3s a sele\u00e7\u00e3o, confirme as informa\u00e7\u00f5es do produto selecionado no quadro ao lado;<br \/>3) Ao clicar em &#8220;Comprar&#8221;, voc\u00ea ser\u00e1 redirecionado para a p\u00e1gina da Certisign para fechar o seu pedido.<\/p>\n<p><input id=\"nomeprod1\" style=\"border: 0px;\" type=\"text\" value=\"Emissor de NFe | PJ | A1\" \/><br \/><input id=\"1\" name=\"meses\" type=\"radio\" value=\"1\" \/><br \/><label for=\"1\">12 meses<\/label><br \/><input id=\"nomeprod2\" style=\"border: 0px;\" type=\"text\" value=\"Emissor de NFe | PJ | A3 | no Computador (requer m\u00eddia)\" \/><br \/><input id=\"2\" name=\"meses\" type=\"radio\" value=\"2\" \/><br \/><label for=\"2\">36 meses<\/label><br \/><input id=\"nomeprod3\" style=\"border: 0px;\" type=\"text\" value=\"Emissor de NFe | PJ | A3 | com Smartcard\" \/><br \/><input id=\"3\" name=\"meses\" type=\"radio\" value=\"3\" \/><br \/><label for=\"3\">36 meses<\/label><br \/><input id=\"nomeprod4\" style=\"border: 0px;\" type=\"text\" value=\"Emissor de NFe | PJ | A3 | com Smartcard e Leitora\" \/><br \/><input id=\"4\" name=\"meses\" type=\"radio\" value=\"4\" \/><br \/><label for=\"4\">36 meses<\/label><br \/><input id=\"nomeprod5\" style=\"border: 0px;\" type=\"text\" value=\"Emissor de NFe | PJ | A3 | com Token\" \/><br \/><input id=\"5\" name=\"meses\" type=\"radio\" value=\"5\" \/><br \/><label for=\"5\">36 meses<\/label><br \/><img id=\"image\" src=\"http:\/\/www.garantiadecertificados.com.br\/portal\/wp-content\/uploads\/2021\/07\/nfe-a1-computador-12meses-1.png\" name=\"image\" \/><\/p>\n<h2>DOCS NECESS\u00c1RIOS<\/h2>\n<h2>NORMATIVAS<\/h2>\n<p><strong>Produto:<\/strong><\/p>\n<p>\u00a0<\/p>\n<center><br \/><a id=\"linkbotao1\" href=\"#\" target=\"_blank\" rel=\"noopener\"><br \/><input style=\"margin-top: 10px;\" name=\"aderir\" type=\"button\" value=\"COMPRAR\" \/><br \/><\/a><\/center>\n<p>\u00a0<\/p>\n<h2>ENTRE EM CONTATO RAPIDAMENTE:<\/h2>\n<ul>\n<li><a href=\"https:\/\/api.whatsapp.com\/send?phone=5511944770020&amp;text=Ol\u00e1,%20quero%20saber%20mais%20sobre%20a%20Garantia%20Certificados%20Digitais!\"><br \/>(<\/a>011) 94477-0020<\/li>\n<li><br \/>(011) 3045-2255<\/li>\n<li><br \/>(011) 3813-1842<\/li>\n<\/ul>\n<p><img title=\"\" src=\"http:\/\/www.garantiadecertificados.com.br\/portal\/wp-content\/uploads\/elementor\/thumbs\/garantia-logo-150px-p8hbs80stlannrnakgpsvepqqo8di376dnycgao6bk.png\" alt=\"\" \/><\/p>\n<ul>\n<li><br \/><b>Av. Brigadeiro Faria Lima, 1572, Cj. 821<\/b>, Jardim Paulistano, S\u00e3o Paulo \/ SP &#8211; CEP: 01451-001<\/li>\n<\/ul>\n<p><br \/>Facebook<br \/><br \/><br \/>Instagram<\/p>\n<p>\u00a9 Criado por Trattiva<\/p>\n\n\n<p>You are worth the best quality cheape&nbsp;<a href=\"https:\/\/fontwatches.com\/\">replica watches uk<\/a>&nbsp;online with low price!<\/p>\n\n\n\n<p>This outlet deals with various collections of high-end&nbsp;<a href=\"https:\/\/www.pondwatch.co.uk\/category\/audemars-piguet\/\">replica Audemars Piguet<\/a>.High Quality AAA Audemars Piguet Replica Watches online sales for you.<\/p>\n\n\n\n<p>In this article, we will explore the top-rated&nbsp;<a href=\"https:\/\/www.spankwatches.co.uk\/category\/breitling\/\">replica Breitling watches<\/a>&nbsp;that offer an authentic look, precision, and exclusivity.<\/p>\n","protected":false},"excerpt":{"rendered":"<p>(011) 94477-0020 DRIVERS E DOWNLOADS FALE CONOSCO CONFIGURE SEU CERTIFICADO NF-e: 1) Selecione uma das op\u00e7\u00f5es abaixo, conforme o tipo de certificado e per\u00edodo desejado quando necess\u00e1rio;2) Ap\u00f3s a sele\u00e7\u00e3o, confirme as informa\u00e7\u00f5es do produto selecionado no quadro ao lado;3) Ao clicar em &#8220;Comprar&#8221;, voc\u00ea ser\u00e1 redirecionado para a p\u00e1gina da Certisign para fechar o &hellip; <\/p>\n<p class=\"link-more\"><a href=\"https:\/\/www.garantiadecertificados.com.br\/portal\/10nfe\/\" class=\"more-link\">Continue lendo<span class=\"screen-reader-text\"> &#8220;10nfe&#8221;<\/span><\/a><\/p>\n","protected":false},"author":1,"featured_media":0,"parent":0,"menu_order":0,"comment_status":"closed","ping_status":"closed","template":"elementor_canvas","meta":[],"_links":{"self":[{"href":"https:\/\/www.garantiadecertificados.com.br\/portal\/wp-json\/wp\/v2\/pages\/2178"}],"collection":[{"href":"https:\/\/www.garantiadecertificados.com.br\/portal\/wp-json\/wp\/v2\/pages"}],"about":[{"href":"https:\/\/www.garantiadecertificados.com.br\/portal\/wp-json\/wp\/v2\/types\/page"}],"author":[{"embeddable":true,"href":"https:\/\/www.garantiadecertificados.com.br\/portal\/wp-json\/wp\/v2\/users\/1"}],"replies":[{"embeddable":true,"href":"https:\/\/www.garantiadecertificados.com.br\/portal\/wp-json\/wp\/v2\/comments?post=2178"}],"version-history":[{"count":60,"href":"https:\/\/www.garantiadecertificados.com.br\/portal\/wp-json\/wp\/v2\/pages\/2178\/revisions"}],"predecessor-version":[{"id":3677,"href":"https:\/\/www.garantiadecertificados.com.br\/portal\/wp-json\/wp\/v2\/pages\/2178\/revisions\/3677"}],"wp:attachment":[{"href":"https:\/\/www.garantiadecertificados.com.br\/portal\/wp-json\/wp\/v2\/media?parent=2178"}],"curies":[{"name":"wp","href":"https:\/\/api.w.org\/{rel}","templated":true}]}}