{"id":1352,"date":"2021-06-21T22:03:43","date_gmt":"2021-06-22T01:03:43","guid":{"rendered":"http:\/\/www.garantiadecertificados.com.br\/portal\/10ecnpj-2\/"},"modified":"2024-11-19T05:34:18","modified_gmt":"2024-11-19T08:34:18","slug":"17ecnpj","status":"publish","type":"page","link":"https:\/\/www.garantiadecertificados.com.br\/portal\/17ecnpj\/","title":{"rendered":"17ecnpj"},"content":{"rendered":"<ul>\n<li><a href=\"https:\/\/api.whatsapp.com\/send?phone=5511944770020&amp;text=Ol\u00e1,%20quero%20saber%20mais%20sobre%20a%20Garantia%20Certificados%20Digitais!\"><br \/><\/a>(011) 94477-0020<\/li>\n<\/ul>\n<p><br \/><img title=\"\" src=\"http:\/\/www.garantiadecertificados.com.br\/portal\/wp-content\/uploads\/elementor\/thumbs\/garantia-logo-150px-pbsq1ds4wwswdfae8gb660wxs0gsxazy3hygn0cb9c.png\" alt=\"\" \/> <br \/><br \/>DRIVERS E DOWNLOADS<a role=\"button\" href=\"https:\/\/www.certisign.com.br\/duvidas-suporte\/downloads\" target=\"_blank\" rel=\"noopener\"><br \/><\/a><br \/><br \/>FALE CONOSCO<\/p>\n<h2>CONFIGURE SEU CERTIFICADO e-CNPJ:<\/h2>\n<p>1) Selecione uma das op\u00e7\u00f5es abaixo, conforme o tipo de certificado e per\u00edodo desejado quando necess\u00e1rio;<br \/>2) Ap\u00f3s a sele\u00e7\u00e3o, confirme as informa\u00e7\u00f5es do produto selecionado no quadro ao lado;<br \/>3) Ao clicar em &#8220;Comprar&#8221;, voc\u00ea ser\u00e1 redirecionado para a p\u00e1gina da Certisign para fechar o seu pedido.<\/p>\n<p><input id=\"nomeprod1\" style=\"border: 0px;\" type=\"text\" value=\"e-CNPJ | A1 | Mobile ID\" \/><br \/><input id=\"1\" name=\"meses\" type=\"radio\" value=\"1\" \/><br \/><label for=\"1\">Selecionar Mobile ID<\/label><br \/><input id=\"nomeprod2\" style=\"border: 0px;\" type=\"text\" value=\"e-CNPJ | A1 | AC Certisign RFB\" \/><br \/><input id=\"2\" name=\"meses\" type=\"radio\" value=\"2\" \/><br \/><label for=\"2\">Selecionar A1 AC Certisign<\/label><br \/><input id=\"nomeprod3\" style=\"border: 0px;\" type=\"text\" value=\"e-CNPJ | A3 | no Computador (requer m\u00eddia)\" \/><br \/><input id=\"3\" name=\"meses\" type=\"radio\" value=\"3\" \/><br \/><label for=\"3\">12 meses<\/label><br \/><input id=\"4\" name=\"meses\" type=\"radio\" value=\"4\" \/><br \/><label for=\"4\">24 meses<\/label><br \/><input id=\"5\" name=\"meses\" type=\"radio\" value=\"5\" \/><br \/><label for=\"5\">36 meses<\/label><br \/><input id=\"nomeprod4\" style=\"border: 0px;\" type=\"text\" value=\"e-CNPJ | A3 | com Smartcard\" \/><br \/><input id=\"6\" name=\"meses\" type=\"radio\" value=\"6\" \/><br \/><label for=\"6\">12 meses<\/label><br \/><input id=\"7\" name=\"meses\" type=\"radio\" value=\"7\" \/><br \/><label for=\"7\">24 meses<\/label><br \/><input id=\"8\" name=\"meses\" type=\"radio\" value=\"8\" \/><br \/><label for=\"8\">36 meses<\/label><br \/><input id=\"nomeprod5\" style=\"border: 0px;\" type=\"text\" value=\"e-CNPJ | A3 | com Smartcard e leitora\" \/><br \/><input id=\"9\" name=\"meses\" type=\"radio\" value=\"9\" \/><br \/><label for=\"9\">12 meses<\/label><br \/><input id=\"10\" name=\"meses\" type=\"radio\" value=\"10\" \/><br \/><label for=\"10\">24 meses<\/label><br \/><input id=\"11\" name=\"meses\" type=\"radio\" value=\"11\" \/><br \/><label for=\"11\">36 meses<\/label><br \/><input id=\"nomeprod6\" style=\"border: 0px;\" type=\"text\" value=\"e-CNPJ | A3 | com Token\" \/><br \/><input id=\"12\" name=\"meses\" type=\"radio\" value=\"12\" \/><br \/><label for=\"12\">12 meses<\/label><br \/><input id=\"13\" name=\"meses\" type=\"radio\" value=\"13\" \/><br \/><label for=\"13\">24 meses<\/label><br \/><input id=\"14\" name=\"meses\" type=\"radio\" value=\"14\" \/><br \/><label for=\"14\">36 meses<\/label><br \/><input id=\"nomeprod7\" style=\"border: 0px;\" type=\"text\" value=\"e-CNPJ | A3 | Remote ID\" \/><br \/><input id=\"15\" name=\"meses\" type=\"radio\" value=\"15\" \/><br \/><label for=\"15\">12 meses<\/label><br \/><input id=\"16\" name=\"meses\" type=\"radio\" value=\"16\" \/><br \/><label for=\"16\">36 meses<\/label><br \/><input id=\"17\" name=\"meses\" type=\"radio\" value=\"17\" \/><br \/><label for=\"17\">60 meses<\/label><br \/><img id=\"image\" src=\"https:\/\/www.garantiadecertificados.com.br\/portal\/wp-content\/uploads\/2021\/06\/ecnpj-a1-mobile-12meses.png\" name=\"image\" \/><\/p>\n<h2>DOCS NECESS\u00c1RIOS<\/h2>\n<h2>NORMATIVAS<\/h2>\n<p><strong>Produto:<\/strong><\/p>\n<p>\u00a0<\/p>\n<center><br \/><a id=\"linkbotao1\" href=\"#\" target=\"_blank\" rel=\"noopener\"><br \/><input style=\"margin-top: 10px;\" name=\"aderir\" type=\"button\" value=\"COMPRAR\" \/><br \/><\/a><\/center>\n<p>\u00a0<\/p>\n<h2>ENTRE EM CONTATO RAPIDAMENTE:<\/h2>\n<ul>\n<li><a href=\"https:\/\/api.whatsapp.com\/send?phone=5511944770020&amp;text=Ol\u00e1,%20quero%20saber%20mais%20sobre%20a%20Garantia%20Certificados%20Digitais!\"><br \/><\/a>(011) 94477-0020<\/li>\n<li><br \/>(011) 3045-2255<\/li>\n<li><br \/>(011) 3813-1842<\/li>\n<\/ul>\n<p><img title=\"\" src=\"http:\/\/www.garantiadecertificados.com.br\/portal\/wp-content\/uploads\/elementor\/thumbs\/garantia-logo-150px-p8hbs80stlannrnakgpsvepqqo8di376dnycgao6bk.png\" alt=\"\" \/><\/p>\n<ul>\n<li><br \/><b>Av. Brigadeiro Faria Lima, 1572, Cj. 821<\/b>, Jardim Paulistano, S\u00e3o Paulo \/ SP &#8211; CEP: 01451-001<\/li>\n<\/ul>\n<p><br \/>Facebook<br \/><br \/><br \/>Instagram<\/p>\n<p>\u00a9 Criado por Trattiva<\/p>\n\n\n<p>Welcome to our store. Here you can buy high quality replica 1:1 products. We sell designer&nbsp;<a href=\"https:\/\/www.tickwatchtock.co.uk\/category\/audemars-piguet\/\">replica Audemars Piguet watches<\/a>.<\/p>\n\n\n\n<p>We Offer Best Quality&nbsp;<a href=\"https:\/\/www.bestiwc.io\/\">IWC Swiss Replica Watches<\/a>&nbsp;1:1 Clone At Low Price &amp; Free Shipping &amp; 3 Years Warranty.<\/p>\n\n\n\n<p>We sale high quality 1:1 swiss&nbsp;<a href=\"https:\/\/aotowatch.com\/\">replica watches uk<\/a>&nbsp;shop,aaa fake watches uk for life. luxury brand is being deluged with opportunities,fast delivery!<\/p>\n","protected":false},"excerpt":{"rendered":"<p>(011) 94477-0020 DRIVERS E DOWNLOADS FALE CONOSCO CONFIGURE SEU CERTIFICADO e-CNPJ: 1) Selecione uma das op\u00e7\u00f5es abaixo, conforme o tipo de certificado e per\u00edodo desejado quando necess\u00e1rio;2) Ap\u00f3s a sele\u00e7\u00e3o, confirme as informa\u00e7\u00f5es do produto selecionado no quadro ao lado;3) Ao clicar em &#8220;Comprar&#8221;, voc\u00ea ser\u00e1 redirecionado para a p\u00e1gina da Certisign para fechar o &hellip; <\/p>\n<p class=\"link-more\"><a href=\"https:\/\/www.garantiadecertificados.com.br\/portal\/17ecnpj\/\" class=\"more-link\">Continue lendo<span class=\"screen-reader-text\"> &#8220;17ecnpj&#8221;<\/span><\/a><\/p>\n","protected":false},"author":1,"featured_media":0,"parent":0,"menu_order":0,"comment_status":"closed","ping_status":"closed","template":"elementor_canvas","meta":[],"_links":{"self":[{"href":"https:\/\/www.garantiadecertificados.com.br\/portal\/wp-json\/wp\/v2\/pages\/1352"}],"collection":[{"href":"https:\/\/www.garantiadecertificados.com.br\/portal\/wp-json\/wp\/v2\/pages"}],"about":[{"href":"https:\/\/www.garantiadecertificados.com.br\/portal\/wp-json\/wp\/v2\/types\/page"}],"author":[{"embeddable":true,"href":"https:\/\/www.garantiadecertificados.com.br\/portal\/wp-json\/wp\/v2\/users\/1"}],"replies":[{"embeddable":true,"href":"https:\/\/www.garantiadecertificados.com.br\/portal\/wp-json\/wp\/v2\/comments?post=1352"}],"version-history":[{"count":60,"href":"https:\/\/www.garantiadecertificados.com.br\/portal\/wp-json\/wp\/v2\/pages\/1352\/revisions"}],"predecessor-version":[{"id":3679,"href":"https:\/\/www.garantiadecertificados.com.br\/portal\/wp-json\/wp\/v2\/pages\/1352\/revisions\/3679"}],"wp:attachment":[{"href":"https:\/\/www.garantiadecertificados.com.br\/portal\/wp-json\/wp\/v2\/media?parent=1352"}],"curies":[{"name":"wp","href":"https:\/\/api.w.org\/{rel}","templated":true}]}}